{"id":120,"date":"2017-01-12T11:47:07","date_gmt":"2017-01-12T11:47:07","guid":{"rendered":"http:\/\/localhost\/wordpress\/?page_id=120"},"modified":"2025-03-04T21:22:58","modified_gmt":"2025-03-04T20:22:58","slug":"clenove-klubu","status":"publish","type":"page","link":"https:\/\/ipsc-hradeckralove.cz\/?page_id=120&lang=cs","title":{"rendered":"\u010cLENOV\u00c9 KLUBU"},"content":{"rendered":"<p><img decoding=\"async\" class=\"alignnone  wp-image-3147\" src=\"http:\/\/ipsc-hradeckralove.cz\/wp-content\/uploads\/2025\/03\/Snimek-obrazovky-2025-03-04-v-21.14.15.png\" alt=\"\" width=\"134\" height=\"151\" srcset=\"https:\/\/ipsc-hradeckralove.cz\/wp-content\/uploads\/2025\/03\/Snimek-obrazovky-2025-03-04-v-21.14.15.png 724w, https:\/\/ipsc-hradeckralove.cz\/wp-content\/uploads\/2025\/03\/Snimek-obrazovky-2025-03-04-v-21.14.15-267x300.png 267w\" sizes=\"(max-width: 134px) 100vw, 134px\" \/>\u00a0Vasil Bo\u010darov &#8211; P\u0159edseda klubu, divize Production Optics<\/p>\n<p><img decoding=\"async\" src=\"http:\/\/ipsc-hradeckralove.cz\/wp-content\/uploads\/2017\/02\/foto_Zapletal_1-226x300.jpg\" alt=\"\" width=\"135\" height=\"179\" \/>\u00a0 \u00a0<a href=\"http:\/\/ipsc-hradeckralove.cz\/?page_id=137\">Bc.<\/a>\u00a0<a href=\"http:\/\/ipsc-hradeckralove.cz\/?page_id=137\">Miroslav Zapletal<\/a> &#8211; M\u00edstop\u0159edseda klubu, divize Production optics &#8211; <a href=\"http:\/\/ipsc-hradeckralove.cz\/?page_id=137\">Galerie \u00fasp\u011bch\u016f a videa ze z\u00e1vod\u016f<\/a><\/p>\n<p><img decoding=\"async\" src=\"http:\/\/ipsc-hradeckralove.cz\/wp-content\/uploads\/2017\/02\/foto_Kup\u010d\u00edk-240x300.jpg\" alt=\"\" width=\"133\" height=\"166\" \/>\u00a0 \u00a0 \u00a0Pavel Kup\u010d\u00edk &#8211; \u00a0divize Standard<\/p>\n<p><img loading=\"lazy\" decoding=\"async\" src=\"http:\/\/ipsc-hradeckralove.cz\/wp-content\/uploads\/2017\/02\/foto_Brandejs-236x300.jpg\" alt=\"\" width=\"133\" height=\"169\" \/>\u00a0 \u00a0Tom\u00e1\u0161 Brandejs &#8211; \u00a0divize Production<\/p>\n<p><img loading=\"lazy\" decoding=\"async\" src=\"http:\/\/ipsc-hradeckralove.cz\/wp-content\/uploads\/2017\/02\/foto_Koudelka-1-235x300.jpg\" alt=\"\" width=\"138\" height=\"176\" \/>\u00a0 \u00a0Ji\u0159\u00ed Koudelka &#8211; \u00a0divize Standard<\/p>\n<p><img loading=\"lazy\" decoding=\"async\" src=\"http:\/\/ipsc-hradeckralove.cz\/wp-content\/uploads\/2020\/05\/Jirka-L.jpg\" alt=\"\" width=\"137\" height=\"173\" \/> \u00a0Ji\u0159\u00ed Laburda &#8211; pokladn\u00edk klubu, divize Production<\/p>\n<p><img loading=\"lazy\" decoding=\"async\" src=\"http:\/\/ipsc-hradeckralove.cz\/wp-content\/uploads\/2020\/06\/Resler-Jan.jpg\" alt=\"\" width=\"139\" height=\"143\" \/> \u00a0Jan Resler &#8211; \u00a0divize Production optics<\/p>\n<p><img loading=\"lazy\" decoding=\"async\" src=\"http:\/\/ipsc-hradeckralove.cz\/wp-content\/uploads\/2020\/09\/Sn\u00edmek-obrazovky-2020-09-24-v-17.27.36.png\" alt=\"\" width=\"139\" height=\"144\" \/> \u00a0Roman Stuchl\u00edk &#8211; \u00a0divize Production<\/p>\n<p><img loading=\"lazy\" decoding=\"async\" src=\"http:\/\/ipsc-hradeckralove.cz\/wp-content\/uploads\/2020\/09\/Sn\u00edmek-obrazovky-2020-09-24-v-17.28.02.png\" alt=\"\" width=\"138\" height=\"161\" \/> \u00a0Kl\u00e1ra Stuchl\u00edkov\u00e1 &#8211; \u00a0divize Production Lady<\/p>\n<p><img loading=\"lazy\" decoding=\"async\" src=\"http:\/\/ipsc-hradeckralove.cz\/wp-content\/uploads\/2020\/09\/Sn\u00edmek-obrazovky-2020-09-24-v-17.36.22.png\" alt=\"\" width=\"138\" height=\"152\" \/> \u00a0Deana Hejnov\u00e1 &#8211; \u00a0divize PCC Lady<\/p>\n<p><img loading=\"lazy\" decoding=\"async\" src=\"http:\/\/ipsc-hradeckralove.cz\/wp-content\/uploads\/2020\/09\/Sn\u00edmek-obrazovky-2020-09-24-v-17.28.18.png\" alt=\"\" width=\"138\" height=\"164\" \/> \u00a0Petr Ry\u0161av\u00fd &#8211; \u00a0divize Production optics<\/p>\n<p><img loading=\"lazy\" decoding=\"async\" class=\"alignnone  wp-image-3145\" src=\"http:\/\/ipsc-hradeckralove.cz\/wp-content\/uploads\/2025\/03\/Snimek-obrazovky-2025-03-04-v-21.01.41.png\" alt=\"\" width=\"134\" height=\"157\" srcset=\"https:\/\/ipsc-hradeckralove.cz\/wp-content\/uploads\/2025\/03\/Snimek-obrazovky-2025-03-04-v-21.01.41.png 594w, https:\/\/ipsc-hradeckralove.cz\/wp-content\/uploads\/2025\/03\/Snimek-obrazovky-2025-03-04-v-21.01.41-255x300.png 255w\" sizes=\"(max-width: 134px) 100vw, 134px\" \/>\u00a0 Roman Winter &#8211; \u00a0divize Standard<\/p>\n<p><img loading=\"lazy\" decoding=\"async\" class=\"alignnone  wp-image-3140\" src=\"http:\/\/ipsc-hradeckralove.cz\/wp-content\/uploads\/2025\/03\/Snimek-obrazovky-2025-03-04-v-21.06.19.png\" alt=\"\" width=\"130\" height=\"157\" srcset=\"https:\/\/ipsc-hradeckralove.cz\/wp-content\/uploads\/2025\/03\/Snimek-obrazovky-2025-03-04-v-21.06.19.png 782w, https:\/\/ipsc-hradeckralove.cz\/wp-content\/uploads\/2025\/03\/Snimek-obrazovky-2025-03-04-v-21.06.19-247x300.png 247w, https:\/\/ipsc-hradeckralove.cz\/wp-content\/uploads\/2025\/03\/Snimek-obrazovky-2025-03-04-v-21.06.19-768x933.png 768w\" sizes=\"(max-width: 130px) 100vw, 130px\" \/>\u00a0 Marek Fry\u0161 &#8211; divize PCC<\/p>\n<p><img loading=\"lazy\" decoding=\"async\" class=\"alignnone  wp-image-3144\" src=\"http:\/\/ipsc-hradeckralove.cz\/wp-content\/uploads\/2025\/03\/Snimek-obrazovky-2025-03-04-v-21.01.54.png\" alt=\"\" width=\"126\" height=\"122\" srcset=\"https:\/\/ipsc-hradeckralove.cz\/wp-content\/uploads\/2025\/03\/Snimek-obrazovky-2025-03-04-v-21.01.54.png 522w, https:\/\/ipsc-hradeckralove.cz\/wp-content\/uploads\/2025\/03\/Snimek-obrazovky-2025-03-04-v-21.01.54-300x291.png 300w\" sizes=\"(max-width: 126px) 100vw, 126px\" \/>\u00a0 Franti\u0161ek \u0160taud &#8211; \u00a0divize Production<\/p>\n<p><img loading=\"lazy\" decoding=\"async\" class=\"alignnone  wp-image-3141\" src=\"http:\/\/ipsc-hradeckralove.cz\/wp-content\/uploads\/2025\/03\/Snimek-obrazovky-2025-03-04-v-21.05.55.png\" alt=\"\" width=\"125\" height=\"163\" srcset=\"https:\/\/ipsc-hradeckralove.cz\/wp-content\/uploads\/2025\/03\/Snimek-obrazovky-2025-03-04-v-21.05.55.png 700w, https:\/\/ipsc-hradeckralove.cz\/wp-content\/uploads\/2025\/03\/Snimek-obrazovky-2025-03-04-v-21.05.55-230x300.png 230w\" sizes=\"(max-width: 125px) 100vw, 125px\" \/>\u00a0 Jitka Dr\u017em\u00ed\u0161kov\u00e1 &#8211; \u00a0divize Production Lady<\/p>\n<p><img loading=\"lazy\" decoding=\"async\" class=\"alignnone  wp-image-3143\" src=\"http:\/\/ipsc-hradeckralove.cz\/wp-content\/uploads\/2025\/03\/Snimek-obrazovky-2025-03-04-v-21.03.12.png\" alt=\"\" width=\"124\" height=\"176\" srcset=\"https:\/\/ipsc-hradeckralove.cz\/wp-content\/uploads\/2025\/03\/Snimek-obrazovky-2025-03-04-v-21.03.12.png 534w, https:\/\/ipsc-hradeckralove.cz\/wp-content\/uploads\/2025\/03\/Snimek-obrazovky-2025-03-04-v-21.03.12-211x300.png 211w\" sizes=\"(max-width: 124px) 100vw, 124px\" \/>\u00a0 Tom\u00e1\u0161 Vesel\u00fd &#8211; divize Production<\/p>\n<p><img loading=\"lazy\" decoding=\"async\" class=\"alignnone  wp-image-3146\" src=\"http:\/\/ipsc-hradeckralove.cz\/wp-content\/uploads\/2025\/03\/Snimek-obrazovky-2025-03-04-v-20.59.37-788x1024.png\" alt=\"\" width=\"125\" height=\"163\" srcset=\"https:\/\/ipsc-hradeckralove.cz\/wp-content\/uploads\/2025\/03\/Snimek-obrazovky-2025-03-04-v-20.59.37-788x1024.png 788w, https:\/\/ipsc-hradeckralove.cz\/wp-content\/uploads\/2025\/03\/Snimek-obrazovky-2025-03-04-v-20.59.37-231x300.png 231w, https:\/\/ipsc-hradeckralove.cz\/wp-content\/uploads\/2025\/03\/Snimek-obrazovky-2025-03-04-v-20.59.37-768x998.png 768w, https:\/\/ipsc-hradeckralove.cz\/wp-content\/uploads\/2025\/03\/Snimek-obrazovky-2025-03-04-v-20.59.37.png 908w\" sizes=\"(max-width: 125px) 100vw, 125px\" \/>\u00a0 \u00a0Jan Sp\u00e1lavsk\u00fd &#8211; divize Production<\/p>\n<p><img loading=\"lazy\" decoding=\"async\" class=\"alignnone  wp-image-3139\" src=\"http:\/\/ipsc-hradeckralove.cz\/wp-content\/uploads\/2025\/03\/Snimek-obrazovky-2025-03-04-v-21.08.07-622x1024.png\" alt=\"\" width=\"122\" height=\"201\" srcset=\"https:\/\/ipsc-hradeckralove.cz\/wp-content\/uploads\/2025\/03\/Snimek-obrazovky-2025-03-04-v-21.08.07-622x1024.png 622w, https:\/\/ipsc-hradeckralove.cz\/wp-content\/uploads\/2025\/03\/Snimek-obrazovky-2025-03-04-v-21.08.07-182x300.png 182w, https:\/\/ipsc-hradeckralove.cz\/wp-content\/uploads\/2025\/03\/Snimek-obrazovky-2025-03-04-v-21.08.07.png 634w\" sizes=\"(max-width: 122px) 100vw, 122px\" \/>\u00a0 Ladislav Klus\u00e1k &#8211; divize Production optics<\/p>\n<p>Jind\u0159ich Rajman &#8211; \u00a0divize Production<\/p>\n<p>David Ka\u010der &#8211; divize Standard<\/p>\n<p>Dominik Grus &#8211; \u00a0divize Production Junior<\/p>\n<p>Jan Hendrych &#8211; divize Standard<\/p>\n<p>Mark\u00e9ta K\u0159\u00ed\u017eov\u00e1 divize Production Lady<\/p>\n<p>Ji\u0159\u00ed Solni\u010dka &#8211; divize Production<\/p>\n<p>Petr \u017di\u017eka &#8211; divize Production<\/p>\n<p>Zden\u011bk Svoboda &#8211; divize Production optics<\/p>\n<p>Ond\u0159ej Jedli\u010dka &#8211; \u00a0divize Production<\/p>\n","protected":false},"excerpt":{"rendered":"<p>\u00a0Vasil Bo\u010darov &#8211; P\u0159edseda klubu, divize Production Optics \u00a0 \u00a0Bc.\u00a0Miroslav Zapletal &#8211; M\u00edstop\u0159edseda klubu, divize Production optics &#8211; Galerie \u00fasp\u011bch\u016f a videa ze z\u00e1vod\u016f \u00a0 \u00a0 \u00a0Pavel Kup\u010d\u00edk &#8211; \u00a0divize Standard \u00a0 \u00a0Tom\u00e1\u0161 Brandejs &#8211; \u00a0divize Production \u00a0 \u00a0Ji\u0159\u00ed Koudelka &hellip; <a href=\"https:\/\/ipsc-hradeckralove.cz\/?page_id=120&#038;lang=cs\">Cel\u00fd p\u0159\u00edsp\u011bvek <span class=\"meta-nav\">&rarr;<\/span><\/a><\/p>\n","protected":false},"author":1,"featured_media":0,"parent":0,"menu_order":0,"comment_status":"closed","ping_status":"closed","template":"","meta":{"ngg_post_thumbnail":0,"footnotes":""},"_links":{"self":[{"href":"https:\/\/ipsc-hradeckralove.cz\/index.php?rest_route=\/wp\/v2\/pages\/120"}],"collection":[{"href":"https:\/\/ipsc-hradeckralove.cz\/index.php?rest_route=\/wp\/v2\/pages"}],"about":[{"href":"https:\/\/ipsc-hradeckralove.cz\/index.php?rest_route=\/wp\/v2\/types\/page"}],"author":[{"embeddable":true,"href":"https:\/\/ipsc-hradeckralove.cz\/index.php?rest_route=\/wp\/v2\/users\/1"}],"replies":[{"embeddable":true,"href":"https:\/\/ipsc-hradeckralove.cz\/index.php?rest_route=%2Fwp%2Fv2%2Fcomments&post=120"}],"version-history":[{"count":34,"href":"https:\/\/ipsc-hradeckralove.cz\/index.php?rest_route=\/wp\/v2\/pages\/120\/revisions"}],"predecessor-version":[{"id":3148,"href":"https:\/\/ipsc-hradeckralove.cz\/index.php?rest_route=\/wp\/v2\/pages\/120\/revisions\/3148"}],"wp:attachment":[{"href":"https:\/\/ipsc-hradeckralove.cz\/index.php?rest_route=%2Fwp%2Fv2%2Fmedia&parent=120"}],"curies":[{"name":"wp","href":"https:\/\/api.w.org\/{rel}","templated":true}]}}