{"id":1573,"date":"2017-08-01T17:38:10","date_gmt":"2017-08-01T15:38:10","guid":{"rendered":"http:\/\/ipsc-hradeckralove.cz\/?page_id=1573"},"modified":"2017-08-08T08:43:38","modified_gmt":"2017-08-08T06:43:38","slug":"jiri-laburda","status":"publish","type":"page","link":"https:\/\/ipsc-hradeckralove.cz\/?page_id=1573&lang=cs","title":{"rendered":"Ji\u0159\u00ed LABURDA"},"content":{"rendered":"<p><img decoding=\"async\" class=\"wp-image-1557 alignright\" src=\"http:\/\/ipsc-hradeckralove.cz\/wp-content\/uploads\/2017\/07\/foto_Laburda.jpg\" alt=\"\" width=\"175\" height=\"198\"><\/p>\n<p>divize Production<\/p>\n<p><a href=\"https:\/\/www.facebook.com\/laburda?fref=ts\"><img decoding=\"async\" class=\"alignnone\" src=\"http:\/\/ipsc-hradeckralove.cz\/wp-content\/uploads\/2017\/01\/facebook.png\" alt=\"\" width=\"29\" height=\"29\"><\/a><\/p>\n<p>&nbsp;<\/p>\n<p>&nbsp;<\/p>\n<p>&nbsp;<\/p>\n<p>&nbsp;<\/p>\n<p>Severo\u010desk\u00fd poh\u00e1r 2017 \u017dlutice&nbsp;<a href=\"https:\/\/youtu.be\/kUSIWg_tKR4\" target=\"_blank\" rel=\"noopener noreferrer\">video<\/a><\/p>\n","protected":false},"excerpt":{"rendered":"<p>divize Production &nbsp; &nbsp; &nbsp; &nbsp; Severo\u010desk\u00fd poh\u00e1r 2017 \u017dlutice&nbsp;video<\/p>\n","protected":false},"author":1,"featured_media":0,"parent":0,"menu_order":0,"comment_status":"closed","ping_status":"closed","template":"","meta":{"ngg_post_thumbnail":0,"footnotes":""},"_links":{"self":[{"href":"https:\/\/ipsc-hradeckralove.cz\/index.php?rest_route=\/wp\/v2\/pages\/1573"}],"collection":[{"href":"https:\/\/ipsc-hradeckralove.cz\/index.php?rest_route=\/wp\/v2\/pages"}],"about":[{"href":"https:\/\/ipsc-hradeckralove.cz\/index.php?rest_route=\/wp\/v2\/types\/page"}],"author":[{"embeddable":true,"href":"https:\/\/ipsc-hradeckralove.cz\/index.php?rest_route=\/wp\/v2\/users\/1"}],"replies":[{"embeddable":true,"href":"https:\/\/ipsc-hradeckralove.cz\/index.php?rest_route=%2Fwp%2Fv2%2Fcomments&post=1573"}],"version-history":[{"count":6,"href":"https:\/\/ipsc-hradeckralove.cz\/index.php?rest_route=\/wp\/v2\/pages\/1573\/revisions"}],"predecessor-version":[{"id":1590,"href":"https:\/\/ipsc-hradeckralove.cz\/index.php?rest_route=\/wp\/v2\/pages\/1573\/revisions\/1590"}],"wp:attachment":[{"href":"https:\/\/ipsc-hradeckralove.cz\/index.php?rest_route=%2Fwp%2Fv2%2Fmedia&parent=1573"}],"curies":[{"name":"wp","href":"https:\/\/api.w.org\/{rel}","templated":true}]}}