{"id":671,"date":"2017-01-25T12:12:42","date_gmt":"2017-01-25T12:12:42","guid":{"rendered":"http:\/\/localhost\/wordpress\/?page_id=671"},"modified":"2025-01-09T19:15:58","modified_gmt":"2025-01-09T18:15:58","slug":"members-of-club","status":"publish","type":"page","link":"https:\/\/ipsc-hradeckralove.cz\/?page_id=671&lang=cs","title":{"rendered":"MEMBERS OF CLUB"},"content":{"rendered":"<p><span style=\"font-family: arial, helvetica, sans-serif; color: #000000;\"><img decoding=\"async\" class=\"alignnone wp-image-1207\" src=\"http:\/\/ipsc-hradeckralove.cz\/wp-content\/uploads\/2017\/02\/foto_Martin-224x300.jpg\" alt=\"\" width=\"100\" height=\"134\" srcset=\"https:\/\/ipsc-hradeckralove.cz\/wp-content\/uploads\/2017\/02\/foto_Martin-224x300.jpg 224w, https:\/\/ipsc-hradeckralove.cz\/wp-content\/uploads\/2017\/02\/foto_Martin.jpg 410w\" sizes=\"(max-width: 100px) 100vw, 100px\" \/>\u00a0 Mr.Martin Vohnout &#8211; President\u00a0of Club, divize Open<\/span><\/p>\n<p><span style=\"font-family: arial, helvetica, sans-serif; color: #000000;\"><img decoding=\"async\" class=\"alignnone wp-image-1203\" src=\"http:\/\/ipsc-hradeckralove.cz\/wp-content\/uploads\/2017\/02\/foto_Zapletal_1-226x300.jpg\" alt=\"\" width=\"101\" height=\"134\" srcset=\"https:\/\/ipsc-hradeckralove.cz\/wp-content\/uploads\/2017\/02\/foto_Zapletal_1-226x300.jpg 226w, https:\/\/ipsc-hradeckralove.cz\/wp-content\/uploads\/2017\/02\/foto_Zapletal_1.jpg 410w\" sizes=\"(max-width: 101px) 100vw, 101px\" \/>\u00a0 Mr<\/span>.\u00a0<span style=\"font-family: arial, helvetica, sans-serif; color: #000000;\">Miroslav Zapletal &#8211; Vice-president of Club, divize Production<\/span><\/p>\n<p><span style=\"font-family: arial, helvetica, sans-serif;\"><img decoding=\"async\" class=\"alignnone wp-image-1202\" src=\"http:\/\/ipsc-hradeckralove.cz\/wp-content\/uploads\/2017\/02\/foto_Kup\u010d\u00edk-240x300.jpg\" alt=\"\" width=\"102\" height=\"128\" srcset=\"https:\/\/ipsc-hradeckralove.cz\/wp-content\/uploads\/2017\/02\/foto_Kup\u010d\u00edk-240x300.jpg 240w, https:\/\/ipsc-hradeckralove.cz\/wp-content\/uploads\/2017\/02\/foto_Kup\u010d\u00edk.jpg 405w\" sizes=\"(max-width: 102px) 100vw, 102px\" \/> <\/span><span style=\"color: #000000; font-family: arial, helvetica, sans-serif;\">Mr.<\/span>\u00a0<span style=\"color: #000000; font-family: arial, helvetica, sans-serif;\">Pavel Kup\u010d\u00edk &#8211; Treasurer of Club, divize Standard<\/span><\/p>\n<p><span style=\"color: #000000; font-family: arial, helvetica, sans-serif;\">\u00a0<\/span><span style=\"color: #000000; font-family: arial, helvetica, sans-serif;\"><img loading=\"lazy\" decoding=\"async\" class=\"alignnone wp-image-1198\" src=\"http:\/\/ipsc-hradeckralove.cz\/wp-content\/uploads\/2017\/02\/foto_Brandejs-236x300.jpg\" alt=\"\" width=\"100\" height=\"127\" srcset=\"https:\/\/ipsc-hradeckralove.cz\/wp-content\/uploads\/2017\/02\/foto_Brandejs-236x300.jpg 236w, https:\/\/ipsc-hradeckralove.cz\/wp-content\/uploads\/2017\/02\/foto_Brandejs.jpg 416w\" sizes=\"(max-width: 100px) 100vw, 100px\" \/>\u00a0 Mr. Tom\u00e1\u0161 Brandejs\u00a0&#8211; Member of Club, divize Production<\/span><\/p>\n<p><span style=\"color: #000000; font-family: arial, helvetica, sans-serif;\"><img loading=\"lazy\" decoding=\"async\" class=\"alignnone wp-image-1568\" src=\"http:\/\/ipsc-hradeckralove.cz\/wp-content\/uploads\/2017\/08\/foto_Bo\u010dek1-207x300.jpg\" alt=\"\" width=\"99\" height=\"144\" srcset=\"https:\/\/ipsc-hradeckralove.cz\/wp-content\/uploads\/2017\/08\/foto_Bo\u010dek1-207x300.jpg 207w, https:\/\/ipsc-hradeckralove.cz\/wp-content\/uploads\/2017\/08\/foto_Bo\u010dek1.jpg 323w\" sizes=\"(max-width: 99px) 100vw, 99px\" \/>\u00a0 \u00a0 Mr. Jaroslav Bo\u010dek &#8211; Member of Club, divize\u00a0Standard<\/span><\/p>\n<p><span style=\"color: #000000; font-family: arial, helvetica, sans-serif;\"><img loading=\"lazy\" decoding=\"async\" class=\"alignnone wp-image-1204\" src=\"http:\/\/ipsc-hradeckralove.cz\/wp-content\/uploads\/2017\/02\/foto_Bocarov.jpg\" alt=\"\" width=\"100\" height=\"100\" srcset=\"https:\/\/ipsc-hradeckralove.cz\/wp-content\/uploads\/2017\/02\/foto_Bocarov.jpg 240w, https:\/\/ipsc-hradeckralove.cz\/wp-content\/uploads\/2017\/02\/foto_Bocarov-150x150.jpg 150w, https:\/\/ipsc-hradeckralove.cz\/wp-content\/uploads\/2017\/02\/foto_Bocarov-144x144.jpg 144w\" sizes=\"(max-width: 100px) 100vw, 100px\" \/>\u00a0 \u00a0Mr. Vasil Bo\u010darov\u00a0&#8211; Member of Club, divize\u00a0Standard<\/span><\/p>\n<p><span style=\"color: #000000; font-family: arial, helvetica, sans-serif;\"><img loading=\"lazy\" decoding=\"async\" class=\"alignnone wp-image-1201\" src=\"http:\/\/ipsc-hradeckralove.cz\/wp-content\/uploads\/2017\/02\/foto_Koudelka-235x300.jpg\" alt=\"\" width=\"100\" height=\"128\" srcset=\"https:\/\/ipsc-hradeckralove.cz\/wp-content\/uploads\/2017\/02\/foto_Koudelka-235x300.jpg 235w, https:\/\/ipsc-hradeckralove.cz\/wp-content\/uploads\/2017\/02\/foto_Koudelka.jpg 404w\" sizes=\"(max-width: 100px) 100vw, 100px\" \/>\u00a0 Mr. Ji\u0159\u00ed Koudelka\u00a0&#8211; Member of Club, divize\u00a0Standard<\/span><\/p>\n<p><img loading=\"lazy\" decoding=\"async\" class=\"alignnone wp-image-1557\" src=\"http:\/\/ipsc-hradeckralove.cz\/wp-content\/uploads\/2017\/07\/foto_Laburda.jpg\" alt=\"\" width=\"102\" height=\"116\" \/>\u00a0<span style=\"font-family: arial, helvetica, sans-serif; color: #000000;\">Mr. Ji\u0159\u00ed \u00a0Laburda &#8211; Member of Club, divize\u00a0Standard<\/span><\/p>\n","protected":false},"excerpt":{"rendered":"<p>\u00a0 Mr.Martin Vohnout &#8211; President\u00a0of Club, divize Open \u00a0 Mr.\u00a0Miroslav Zapletal &#8211; Vice-president of Club, divize Production Mr.\u00a0Pavel Kup\u010d\u00edk &#8211; Treasurer of Club, divize Standard \u00a0\u00a0 Mr. Tom\u00e1\u0161 Brandejs\u00a0&#8211; Member of Club, divize Production \u00a0 \u00a0 Mr. Jaroslav Bo\u010dek &#8211; &hellip; <a href=\"https:\/\/ipsc-hradeckralove.cz\/?page_id=671&#038;lang=cs\">Cel\u00fd p\u0159\u00edsp\u011bvek <span class=\"meta-nav\">&rarr;<\/span><\/a><\/p>\n","protected":false},"author":1,"featured_media":0,"parent":0,"menu_order":0,"comment_status":"closed","ping_status":"closed","template":"","meta":{"ngg_post_thumbnail":0,"footnotes":""},"_links":{"self":[{"href":"https:\/\/ipsc-hradeckralove.cz\/index.php?rest_route=\/wp\/v2\/pages\/671"}],"collection":[{"href":"https:\/\/ipsc-hradeckralove.cz\/index.php?rest_route=\/wp\/v2\/pages"}],"about":[{"href":"https:\/\/ipsc-hradeckralove.cz\/index.php?rest_route=\/wp\/v2\/types\/page"}],"author":[{"embeddable":true,"href":"https:\/\/ipsc-hradeckralove.cz\/index.php?rest_route=\/wp\/v2\/users\/1"}],"replies":[{"embeddable":true,"href":"https:\/\/ipsc-hradeckralove.cz\/index.php?rest_route=%2Fwp%2Fv2%2Fcomments&post=671"}],"version-history":[{"count":7,"href":"https:\/\/ipsc-hradeckralove.cz\/index.php?rest_route=\/wp\/v2\/pages\/671\/revisions"}],"predecessor-version":[{"id":3127,"href":"https:\/\/ipsc-hradeckralove.cz\/index.php?rest_route=\/wp\/v2\/pages\/671\/revisions\/3127"}],"wp:attachment":[{"href":"https:\/\/ipsc-hradeckralove.cz\/index.php?rest_route=%2Fwp%2Fv2%2Fmedia&parent=671"}],"curies":[{"name":"wp","href":"https:\/\/api.w.org\/{rel}","templated":true}]}}