{"id":698,"date":"2017-01-26T08:31:21","date_gmt":"2017-01-26T08:31:21","guid":{"rendered":"http:\/\/localhost\/wordpress\/?page_id=698"},"modified":"2017-02-02T09:26:36","modified_gmt":"2017-02-02T08:26:36","slug":"o-nas","status":"publish","type":"page","link":"https:\/\/ipsc-hradeckralove.cz\/?page_id=698&lang=cs","title":{"rendered":"O N\u00c1S"},"content":{"rendered":"<p><span style=\"font-family: arial, helvetica, sans-serif; color: #000000;\">Klub IPSC Hradec Kr\u00e1lov\u00e9 byl zalo\u017een 1.1.2014<\/span><\/p>\n<p><span style=\"font-family: arial, helvetica, sans-serif; color: #000000;\">Zakl\u00e1daj\u00edc\u00ed \u010dlenov\u00e9 jsou aktivn\u00ed sportovn\u00ed st\u0159elci. Mezi \u010dleny jsou reprezenta\u010dn\u00ed st\u0159elci Asociace sportovn\u00ed dynamick\u00e9&nbsp;st\u0159elby \u010cR.<\/span><\/p>\n<p><span style=\"font-family: arial, helvetica, sans-serif; color: #000000;\">C\u00edle klubu IPSC Hradec Kr\u00e1lov\u00e9 je organizovat st\u0159elce, kte\u0159\u00ed maj\u00ed z\u00e1jem o IPSC st\u0159elbu. Z\u00edskat pro st\u0159elbu IPSC vhodnou st\u0159elnici nebo m\u00edsto, kde by takovou st\u0159elnici bylo mo\u017en\u00e9 vybudovat.<\/span><\/p>\n<p><span style=\"font-family: arial, helvetica, sans-serif; color: #000000;\">K dal\u0161\u00edm c\u00edl\u016fm pat\u0159\u00ed zah\u00e1jen\u00ed IPSC st\u0159elby z airsoftov\u00fdch zbran\u00ed.<\/span><\/p>\n<p><span style=\"font-family: 'arial black', sans-serif; color: #000000;\">\u010clenstv\u00ed<\/span><\/p>\n<p><span style=\"font-family: arial, helvetica, sans-serif; color: #000000;\">Na\u0161im \u0159\u00e1dn\u00fdm \u010dlenem se m\u016f\u017ee st\u00e1t:<\/span><\/p>\n<ol>\n<li><span style=\"font-family: arial, helvetica, sans-serif; color: #000000;\">Ka\u017ed\u00fd ob\u010dan \u010cesk\u00e9 republiky bez rozd\u00edlu pohlav\u00ed, star\u0161\u00ed 18-ti let, kter\u00fd se za \u0159\u00e1dn\u00e9ho \u010dlena p\u0159ihl\u00e1s\u00ed, zav\u00e1\u017ee se platit \u010dlensk\u00e9 p\u0159\u00edsp\u011bvky, je p\u0159ijat v\u011bt\u0161inou hlas\u016f st\u00e1vaj\u00edc\u00edch \u010dlen\u016f a p\u0159ijet\u00ed schv\u00e1l\u00ed p\u0159edseda organizace.<\/span><\/li>\n<li><span style=\"font-family: arial, helvetica, sans-serif; color: #000000;\">\u010clenem se m\u016f\u017ee st\u00e1t i ob\u010dan mlad\u0161\u00ed 18-ti let, av\u0161ak nem\u00e1 pr\u00e1vo hlasovat ve valn\u00e9 hromad\u011b.<\/span><\/li>\n<\/ol>\n<p><span style=\"font-family: arial, helvetica, sans-serif; color: #000000;\">Podrobn\u011bj\u0161\u00ed informace najdete ve stanov\u00e1ch klubu <\/span><span style=\"color: #000000;\">&nbsp;<a href=\"http:\/\/ipsc-hradeckralove.cz\/wp-content\/uploads\/2017\/01\/Stanovy-sportovniho-klubu-dynamicke-strelby-Hradec-Kralove.pdf\">zde.<\/a><\/span><\/p>\n","protected":false},"excerpt":{"rendered":"<p>Klub IPSC Hradec Kr\u00e1lov\u00e9 byl zalo\u017een 1.1.2014 Zakl\u00e1daj\u00edc\u00ed \u010dlenov\u00e9 jsou aktivn\u00ed sportovn\u00ed st\u0159elci. Mezi \u010dleny jsou reprezenta\u010dn\u00ed st\u0159elci Asociace sportovn\u00ed dynamick\u00e9&nbsp;st\u0159elby \u010cR. C\u00edle klubu IPSC Hradec Kr\u00e1lov\u00e9 je organizovat st\u0159elce, kte\u0159\u00ed maj\u00ed z\u00e1jem o IPSC st\u0159elbu. Z\u00edskat pro st\u0159elbu IPSC &hellip; <a href=\"https:\/\/ipsc-hradeckralove.cz\/?page_id=698&#038;lang=cs\">Cel\u00fd p\u0159\u00edsp\u011bvek <span class=\"meta-nav\">&rarr;<\/span><\/a><\/p>\n","protected":false},"author":1,"featured_media":0,"parent":0,"menu_order":0,"comment_status":"closed","ping_status":"closed","template":"","meta":{"ngg_post_thumbnail":0,"footnotes":""},"_links":{"self":[{"href":"https:\/\/ipsc-hradeckralove.cz\/index.php?rest_route=\/wp\/v2\/pages\/698"}],"collection":[{"href":"https:\/\/ipsc-hradeckralove.cz\/index.php?rest_route=\/wp\/v2\/pages"}],"about":[{"href":"https:\/\/ipsc-hradeckralove.cz\/index.php?rest_route=\/wp\/v2\/types\/page"}],"author":[{"embeddable":true,"href":"https:\/\/ipsc-hradeckralove.cz\/index.php?rest_route=\/wp\/v2\/users\/1"}],"replies":[{"embeddable":true,"href":"https:\/\/ipsc-hradeckralove.cz\/index.php?rest_route=%2Fwp%2Fv2%2Fcomments&post=698"}],"version-history":[{"count":3,"href":"https:\/\/ipsc-hradeckralove.cz\/index.php?rest_route=\/wp\/v2\/pages\/698\/revisions"}],"predecessor-version":[{"id":1222,"href":"https:\/\/ipsc-hradeckralove.cz\/index.php?rest_route=\/wp\/v2\/pages\/698\/revisions\/1222"}],"wp:attachment":[{"href":"https:\/\/ipsc-hradeckralove.cz\/index.php?rest_route=%2Fwp%2Fv2%2Fmedia&parent=698"}],"curies":[{"name":"wp","href":"https:\/\/api.w.org\/{rel}","templated":true}]}}